{"id":960,"date":"2024-02-20T17:12:43","date_gmt":"2024-02-20T16:12:43","guid":{"rendered":"https:\/\/weger-gmbh.it\/servizi\/tecnologia-degli-edifici\/"},"modified":"2024-09-10T13:10:19","modified_gmt":"2024-09-10T11:10:19","slug":"tecnologia-degli-edifici","status":"publish","type":"page","link":"https:\/\/weger-gmbh.it\/it\/servizi\/tecnologia-degli-edifici\/","title":{"rendered":"Tecnologia degli edifici"},"content":{"rendered":"\t\t<div data-elementor-type=\"wp-page\" data-elementor-id=\"960\" class=\"elementor elementor-960 elementor-26\" data-elementor-post-type=\"page\">\n\t\t\t\t<div class=\"elementor-element elementor-element-b3878a9 e-flex e-con-boxed e-con e-parent\" data-id=\"b3878a9\" data-element_type=\"container\" data-e-type=\"container\">\n\t\t\t\t\t<div class=\"e-con-inner\">\n\t\t<div class=\"elementor-element elementor-element-271816d e-con-full e-flex e-con e-child\" data-id=\"271816d\" data-element_type=\"container\" data-e-type=\"container\">\n\t\t\t\t<div class=\"elementor-element elementor-element-1a38235 elementor-widget elementor-widget-heading\" data-id=\"1a38235\" data-element_type=\"widget\" data-e-type=\"widget\" data-widget_type=\"heading.default\">\n\t\t\t\t<div class=\"elementor-widget-container\">\n\t\t\t\t\t<h2 class=\"elementor-heading-title elementor-size-default\">Innovazione nella tecnologia degli edifici<\/h2>\t\t\t\t<\/div>\n\t\t\t\t<\/div>\n\t\t\t\t<div class=\"elementor-element elementor-element-8efd6b6 elementor-widget elementor-widget-text-editor\" data-id=\"8efd6b6\" data-element_type=\"widget\" data-e-type=\"widget\" data-widget_type=\"text-editor.default\">\n\t\t\t\t<div class=\"elementor-widget-container\">\n\t\t\t\t\t\t\t\t\t<p><strong>WEGER significa il massimo livello di professionalit\u00e0 in cantiere. Poniamo l&#8217;accento sull&#8217;affidabilit\u00e0 e sull&#8217;artigianalit\u00e0 del nostro lavoro. I costanti controlli di qualit\u00e0 sono la nostra filosofia &#8211; WEGER garantisce inoltre un elevato grado di perfezione in ogni momento, dalla progettazione all&#8217;esecuzione.<\/strong><\/p>\n<p>Siamo sempre desiderosi di ottimizzare la nostra solida maestria attraverso le influenze attuali e le nuove tecnologie, al fine di trovare la migliore soluzione possibile per il progetto.<\/p>\n\t\t\t\t\t\t\t\t<\/div>\n\t\t\t\t<\/div>\n\t\t\t\t<\/div>\n\t\t<div class=\"elementor-element elementor-element-2ab50b7 e-con-full e-flex e-con e-child\" data-id=\"2ab50b7\" data-element_type=\"container\" data-e-type=\"container\">\n\t\t\t\t<div class=\"elementor-element elementor-element-0ca1975 elementor-widget elementor-widget-heading\" data-id=\"0ca1975\" data-element_type=\"widget\" data-e-type=\"widget\" data-widget_type=\"heading.default\">\n\t\t\t\t<div class=\"elementor-widget-container\">\n\t\t\t\t\t<h2 class=\"elementor-heading-title elementor-size-default\">I VANTAGGI<\/h2>\t\t\t\t<\/div>\n\t\t\t\t<\/div>\n\t\t\t\t<div class=\"elementor-element elementor-element-7fc9d8b elementor-widget elementor-widget-text-editor\" data-id=\"7fc9d8b\" data-element_type=\"widget\" data-e-type=\"widget\" data-widget_type=\"text-editor.default\">\n\t\t\t\t<div class=\"elementor-widget-container\">\n\t\t\t\t\t\t\t\t\t<ul>\n<li>Tecnologia all&#8217;avanguardia<\/li>\n<li>Servizio clienti di prima classe<\/li>\n<li>Tempi di risposta brevi<\/li>\n<li>WEGER si assume le proprie responsabilit\u00e0, lavora in modo competente e indipendente e ha sempre un occhio di riguardo per il quadro generale.<\/li>\n<\/ul>\n\t\t\t\t\t\t\t\t<\/div>\n\t\t\t\t<\/div>\n\t\t\t\t<\/div>\n\t\t\t\t\t<\/div>\n\t\t\t\t<\/div>\n\t\t<div class=\"elementor-element elementor-element-7220697 e-con-full e-flex e-con e-parent\" data-id=\"7220697\" data-element_type=\"container\" data-e-type=\"container\" data-settings=\"{&quot;background_background&quot;:&quot;classic&quot;}\">\n\t\t<div class=\"elementor-element elementor-element-de74558 e-con-full e-flex e-con e-child\" data-id=\"de74558\" data-element_type=\"container\" data-e-type=\"container\">\n\t\t<div class=\"elementor-element elementor-element-1a4584c e-con-full e-transform e-flex e-con e-child\" data-id=\"1a4584c\" data-element_type=\"container\" data-e-type=\"container\" data-settings=\"{&quot;background_background&quot;:&quot;classic&quot;,&quot;_transform_translateY_effect&quot;:{&quot;unit&quot;:&quot;px&quot;,&quot;size&quot;:160,&quot;sizes&quot;:[]},&quot;_transform_translateY_effect_tablet&quot;:{&quot;unit&quot;:&quot;px&quot;,&quot;size&quot;:0,&quot;sizes&quot;:[]},&quot;_transform_translateX_effect&quot;:{&quot;unit&quot;:&quot;px&quot;,&quot;size&quot;:&quot;&quot;,&quot;sizes&quot;:[]},&quot;_transform_translateX_effect_tablet&quot;:{&quot;unit&quot;:&quot;px&quot;,&quot;size&quot;:&quot;&quot;,&quot;sizes&quot;:[]},&quot;_transform_translateX_effect_mobile&quot;:{&quot;unit&quot;:&quot;px&quot;,&quot;size&quot;:&quot;&quot;,&quot;sizes&quot;:[]},&quot;_transform_translateY_effect_mobile&quot;:{&quot;unit&quot;:&quot;px&quot;,&quot;size&quot;:&quot;&quot;,&quot;sizes&quot;:[]}}\">\n\t\t\t\t<\/div>\n\t\t\t\t<\/div>\n\t\t<div class=\"elementor-element elementor-element-1b9db07 e-con-full e-flex e-con e-child\" data-id=\"1b9db07\" data-element_type=\"container\" data-e-type=\"container\">\n\t\t\t\t<div class=\"elementor-element elementor-element-096623d elementor-widget elementor-widget-heading\" data-id=\"096623d\" data-element_type=\"widget\" data-e-type=\"widget\" data-widget_type=\"heading.default\">\n\t\t\t\t<div class=\"elementor-widget-container\">\n\t\t\t\t\t<h2 class=\"elementor-heading-title elementor-size-default\">Aree:<\/h2>\t\t\t\t<\/div>\n\t\t\t\t<\/div>\n\t\t<div class=\"elementor-element elementor-element-3993fe5 e-con-full e-flex e-con e-child\" data-id=\"3993fe5\" data-element_type=\"container\" data-e-type=\"container\">\n\t\t\t\t<div class=\"elementor-element elementor-element-fe9c619 elementor-widget elementor-widget-heading\" data-id=\"fe9c619\" data-element_type=\"widget\" data-e-type=\"widget\" data-widget_type=\"heading.default\">\n\t\t\t\t<div class=\"elementor-widget-container\">\n\t\t\t\t\t<h3 class=\"elementor-heading-title elementor-size-default\">Sanitari<\/h3>\t\t\t\t<\/div>\n\t\t\t\t<\/div>\n\t\t\t\t<div class=\"elementor-element elementor-element-dfc2ac3 elementor-widget elementor-widget-heading\" data-id=\"dfc2ac3\" data-element_type=\"widget\" data-e-type=\"widget\" data-widget_type=\"heading.default\">\n\t\t\t\t<div class=\"elementor-widget-container\">\n\t\t\t\t\t<h3 class=\"elementor-heading-title elementor-size-default\">Ventilazione e climatizzazione negli edifici residenziali<\/h3>\t\t\t\t<\/div>\n\t\t\t\t<\/div>\n\t\t\t\t<div class=\"elementor-element elementor-element-d37eb1e elementor-widget elementor-widget-heading\" data-id=\"d37eb1e\" data-element_type=\"widget\" data-e-type=\"widget\" data-widget_type=\"heading.default\">\n\t\t\t\t<div class=\"elementor-widget-container\">\n\t\t\t\t\t<h3 class=\"elementor-heading-title elementor-size-default\">Sistemi di aspirazione centralizzati<\/h3>\t\t\t\t<\/div>\n\t\t\t\t<\/div>\n\t\t\t\t<div class=\"elementor-element elementor-element-50fdd0f elementor-widget elementor-widget-heading\" data-id=\"50fdd0f\" data-element_type=\"widget\" data-e-type=\"widget\" data-widget_type=\"heading.default\">\n\t\t\t\t<div class=\"elementor-widget-container\">\n\t\t\t\t\t<h3 class=\"elementor-heading-title elementor-size-default\">Utilizzo dell'acqua piovana<\/h3>\t\t\t\t<\/div>\n\t\t\t\t<\/div>\n\t\t\t\t<\/div>\n\t\t\t\t<\/div>\n\t\t\t\t<\/div>\n\t\t<div class=\"elementor-element elementor-element-a8f3336 e-flex e-con-boxed e-con e-parent\" data-id=\"a8f3336\" data-element_type=\"container\" data-e-type=\"container\">\n\t\t\t\t\t<div class=\"e-con-inner\">\n\t\t<div class=\"elementor-element elementor-element-e31146e e-con-full e-flex e-con e-child\" data-id=\"e31146e\" data-element_type=\"container\" data-e-type=\"container\">\n\t\t\t\t<div class=\"elementor-element elementor-element-49fda60 elementor-widget elementor-widget-text-editor\" data-id=\"49fda60\" data-element_type=\"widget\" data-e-type=\"widget\" data-widget_type=\"text-editor.default\">\n\t\t\t\t<div class=\"elementor-widget-container\">\n\t\t\t\t\t\t\t\t\t<p>Che siate clienti commerciali, pubblici o privati, WEGER offre un&#8217;ampia gamma di servizi. Le sinergie delle tre divisioni di tecnologia edilizia, impiantistica e assistenza portano a soluzioni innovative per un&#8217;ampia variet\u00e0 di progetti.<\/p>\n\t\t\t\t\t\t\t\t<\/div>\n\t\t\t\t<\/div>\n\t\t\t\t<\/div>\n\t\t<div class=\"elementor-element elementor-element-68c5078 e-con-full e-flex e-con e-child\" data-id=\"68c5078\" data-element_type=\"container\" data-e-type=\"container\">\n\t\t\t\t<div class=\"elementor-element elementor-element-38d4943 fuz-weger-animated-button elementor-widget elementor-widget-button\" data-id=\"38d4943\" data-element_type=\"widget\" data-e-type=\"widget\" data-widget_type=\"button.default\">\n\t\t\t\t<div class=\"elementor-widget-container\">\n\t\t\t\t\t\t\t\t\t<div class=\"elementor-button-wrapper\">\n\t\t\t\t\t<a class=\"elementor-button elementor-button-link elementor-size-sm\" href=\"https:\/\/weger-gmbh.it\/it\/servizi\/impiantistica\/\">\n\t\t\t\t\t\t<span class=\"elementor-button-content-wrapper\">\n\t\t\t\t\t\t\t\t\t<span class=\"elementor-button-text\">Impiantistica \u2192<\/span>\n\t\t\t\t\t<\/span>\n\t\t\t\t\t<\/a>\n\t\t\t\t<\/div>\n\t\t\t\t\t\t\t\t<\/div>\n\t\t\t\t<\/div>\n\t\t\t\t<div class=\"elementor-element elementor-element-7585ffc fuz-weger-animated-button elementor-widget elementor-widget-button\" data-id=\"7585ffc\" data-element_type=\"widget\" data-e-type=\"widget\" data-widget_type=\"button.default\">\n\t\t\t\t<div class=\"elementor-widget-container\">\n\t\t\t\t\t\t\t\t\t<div class=\"elementor-button-wrapper\">\n\t\t\t\t\t<a class=\"elementor-button elementor-button-link elementor-size-sm\" href=\"https:\/\/weger-gmbh.it\/it\/servizi\/manutenzione-e-assistenza\/\">\n\t\t\t\t\t\t<span class=\"elementor-button-content-wrapper\">\n\t\t\t\t\t\t\t\t\t<span class=\"elementor-button-text\">Manutenzione e assistenza \u2192<\/span>\n\t\t\t\t\t<\/span>\n\t\t\t\t\t<\/a>\n\t\t\t\t<\/div>\n\t\t\t\t\t\t\t\t<\/div>\n\t\t\t\t<\/div>\n\t\t\t\t<\/div>\n\t\t\t\t\t<\/div>\n\t\t\t\t<\/div>\n\t\t\t\t<\/div>\n\t\t","protected":false},"excerpt":{"rendered":"<p>Innovazione nella tecnologia degli edifici WEGER significa il massimo livello di professionalit\u00e0 in cantiere. Poniamo l&#8217;accento sull&#8217;affidabilit\u00e0 e sull&#8217;artigianalit\u00e0 del nostro lavoro. I costanti controlli di qualit\u00e0 sono la nostra filosofia &#8211; WEGER garantisce inoltre un elevato grado di perfezione in ogni momento, dalla progettazione all&#8217;esecuzione. Siamo sempre desiderosi di ottimizzare la nostra solida maestria [&hellip;]<\/p>\n","protected":false},"author":1,"featured_media":896,"parent":956,"menu_order":0,"comment_status":"closed","ping_status":"closed","template":"","meta":{"_acf_changed":false,"footnotes":""},"seitenkategorie":[33],"class_list":["post-960","page","type-page","status-publish","has-post-thumbnail","hentry","seitenkategorie-inhaltsseite-it"],"acf":[],"yoast_head":"<!-- This site is optimized with the Yoast SEO plugin v27.4 - https:\/\/yoast.com\/product\/yoast-seo-wordpress\/ -->\n<title>Il vostro partner per la tecnologia edilizia in Alto Adige<\/title>\n<meta name=\"description\" content=\"I servizi tecnologici dell&#039;edificio comprendono impianti sanitari, utilizzo dell&#039;acqua piovana, sistemi di aspirazione e tecnologia di ventilazione e condizionamento.\" \/>\n<meta name=\"robots\" content=\"index, follow, max-snippet:-1, max-image-preview:large, max-video-preview:-1\" \/>\n<link rel=\"canonical\" href=\"https:\/\/weger-gmbh.it\/it\/servizi\/tecnologia-degli-edifici\/\" \/>\n<meta property=\"og:locale\" content=\"it_IT\" \/>\n<meta property=\"og:type\" content=\"article\" \/>\n<meta property=\"og:title\" content=\"Il vostro partner per la tecnologia edilizia in Alto Adige\" \/>\n<meta property=\"og:description\" content=\"I servizi tecnologici dell&#039;edificio comprendono impianti sanitari, utilizzo dell&#039;acqua piovana, sistemi di aspirazione e tecnologia di ventilazione e condizionamento.\" \/>\n<meta property=\"og:url\" content=\"https:\/\/weger-gmbh.it\/it\/servizi\/tecnologia-degli-edifici\/\" \/>\n<meta property=\"og:site_name\" content=\"Weger GmbH\" \/>\n<meta property=\"article:modified_time\" content=\"2024-09-10T11:10:19+00:00\" \/>\n<meta property=\"og:image\" content=\"https:\/\/weger-gmbh.it\/wp-content\/uploads\/2024\/08\/Weger-Craft-web-\u00a9freiundzeit-26-1024x683.jpg\" \/>\n<meta name=\"twitter:card\" content=\"summary_large_image\" \/>\n<meta name=\"twitter:image\" content=\"https:\/\/weger-gmbh.it\/wp-content\/uploads\/2024\/08\/Weger-Craft-web-\u00a9freiundzeit-26-1024x683.jpg\" \/>\n<meta name=\"twitter:label1\" content=\"Tempo di lettura stimato\" \/>\n\t<meta name=\"twitter:data1\" content=\"1 minuto\" \/>\n<script type=\"application\/ld+json\" class=\"yoast-schema-graph\">{\"@context\":\"https:\\\/\\\/schema.org\",\"@graph\":[{\"@type\":\"WebPage\",\"@id\":\"https:\\\/\\\/weger-gmbh.it\\\/it\\\/servizi\\\/tecnologia-degli-edifici\\\/\",\"url\":\"https:\\\/\\\/weger-gmbh.it\\\/it\\\/servizi\\\/tecnologia-degli-edifici\\\/\",\"name\":\"Il vostro partner per la tecnologia edilizia in Alto Adige\",\"isPartOf\":{\"@id\":\"https:\\\/\\\/weger-gmbh.it\\\/it\\\/#website\"},\"primaryImageOfPage\":{\"@id\":\"https:\\\/\\\/weger-gmbh.it\\\/it\\\/servizi\\\/tecnologia-degli-edifici\\\/#primaryimage\"},\"image\":{\"@id\":\"https:\\\/\\\/weger-gmbh.it\\\/it\\\/servizi\\\/tecnologia-degli-edifici\\\/#primaryimage\"},\"thumbnailUrl\":\"https:\\\/\\\/weger-gmbh.it\\\/wp-content\\\/uploads\\\/2024\\\/08\\\/Weger-Craft-web-\u00a9freiundzeit-26.jpg\",\"datePublished\":\"2024-02-20T16:12:43+00:00\",\"dateModified\":\"2024-09-10T11:10:19+00:00\",\"description\":\"I servizi tecnologici dell'edificio comprendono impianti sanitari, utilizzo dell'acqua piovana, sistemi di aspirazione e tecnologia di ventilazione e condizionamento.\",\"breadcrumb\":{\"@id\":\"https:\\\/\\\/weger-gmbh.it\\\/it\\\/servizi\\\/tecnologia-degli-edifici\\\/#breadcrumb\"},\"inLanguage\":\"it-IT\",\"potentialAction\":[{\"@type\":\"ReadAction\",\"target\":[\"https:\\\/\\\/weger-gmbh.it\\\/it\\\/servizi\\\/tecnologia-degli-edifici\\\/\"]}]},{\"@type\":\"ImageObject\",\"inLanguage\":\"it-IT\",\"@id\":\"https:\\\/\\\/weger-gmbh.it\\\/it\\\/servizi\\\/tecnologia-degli-edifici\\\/#primaryimage\",\"url\":\"https:\\\/\\\/weger-gmbh.it\\\/wp-content\\\/uploads\\\/2024\\\/08\\\/Weger-Craft-web-\u00a9freiundzeit-26.jpg\",\"contentUrl\":\"https:\\\/\\\/weger-gmbh.it\\\/wp-content\\\/uploads\\\/2024\\\/08\\\/Weger-Craft-web-\u00a9freiundzeit-26.jpg\",\"width\":2048,\"height\":1366},{\"@type\":\"BreadcrumbList\",\"@id\":\"https:\\\/\\\/weger-gmbh.it\\\/it\\\/servizi\\\/tecnologia-degli-edifici\\\/#breadcrumb\",\"itemListElement\":[{\"@type\":\"ListItem\",\"position\":1,\"name\":\"Home\",\"item\":\"https:\\\/\\\/weger-gmbh.it\\\/it\\\/\"},{\"@type\":\"ListItem\",\"position\":2,\"name\":\"Servizi\",\"item\":\"https:\\\/\\\/weger-gmbh.it\\\/it\\\/leistungen-heizanlagen-lueftungssysteme-energiekonzepte-sanitaeranlagen-suedtirol\\\/\"},{\"@type\":\"ListItem\",\"position\":3,\"name\":\"Tecnologia degli edifici\"}]},{\"@type\":\"WebSite\",\"@id\":\"https:\\\/\\\/weger-gmbh.it\\\/it\\\/#website\",\"url\":\"https:\\\/\\\/weger-gmbh.it\\\/it\\\/\",\"name\":\"Weger GmbH\",\"description\":\"Heizung, Klima, L\u00fcftung und Sanit\u00e4r\",\"publisher\":{\"@id\":\"https:\\\/\\\/weger-gmbh.it\\\/it\\\/#organization\"},\"potentialAction\":[{\"@type\":\"SearchAction\",\"target\":{\"@type\":\"EntryPoint\",\"urlTemplate\":\"https:\\\/\\\/weger-gmbh.it\\\/it\\\/?s={search_term_string}\"},\"query-input\":{\"@type\":\"PropertyValueSpecification\",\"valueRequired\":true,\"valueName\":\"search_term_string\"}}],\"inLanguage\":\"it-IT\"},{\"@type\":\"Organization\",\"@id\":\"https:\\\/\\\/weger-gmbh.it\\\/it\\\/#organization\",\"name\":\"Weger GmbH\",\"url\":\"https:\\\/\\\/weger-gmbh.it\\\/it\\\/\",\"logo\":{\"@type\":\"ImageObject\",\"inLanguage\":\"it-IT\",\"@id\":\"https:\\\/\\\/weger-gmbh.it\\\/it\\\/#\\\/schema\\\/logo\\\/image\\\/\",\"url\":\"https:\\\/\\\/weger-gmbh.it\\\/wp-content\\\/uploads\\\/2024\\\/02\\\/weger-logo-white-e1708448128201.png\",\"contentUrl\":\"https:\\\/\\\/weger-gmbh.it\\\/wp-content\\\/uploads\\\/2024\\\/02\\\/weger-logo-white-e1708448128201.png\",\"width\":1024,\"height\":285,\"caption\":\"Weger GmbH\"},\"image\":{\"@id\":\"https:\\\/\\\/weger-gmbh.it\\\/it\\\/#\\\/schema\\\/logo\\\/image\\\/\"}}]}<\/script>\n<!-- \/ Yoast SEO plugin. -->","yoast_head_json":{"title":"Il vostro partner per la tecnologia edilizia in Alto Adige","description":"I servizi tecnologici dell'edificio comprendono impianti sanitari, utilizzo dell'acqua piovana, sistemi di aspirazione e tecnologia di ventilazione e condizionamento.","robots":{"index":"index","follow":"follow","max-snippet":"max-snippet:-1","max-image-preview":"max-image-preview:large","max-video-preview":"max-video-preview:-1"},"canonical":"https:\/\/weger-gmbh.it\/it\/servizi\/tecnologia-degli-edifici\/","og_locale":"it_IT","og_type":"article","og_title":"Il vostro partner per la tecnologia edilizia in Alto Adige","og_description":"I servizi tecnologici dell'edificio comprendono impianti sanitari, utilizzo dell'acqua piovana, sistemi di aspirazione e tecnologia di ventilazione e condizionamento.","og_url":"https:\/\/weger-gmbh.it\/it\/servizi\/tecnologia-degli-edifici\/","og_site_name":"Weger GmbH","article_modified_time":"2024-09-10T11:10:19+00:00","og_image":[{"url":"https:\/\/weger-gmbh.it\/wp-content\/uploads\/2024\/08\/Weger-Craft-web-\u00a9freiundzeit-26-1024x683.jpg","type":"","width":"","height":""}],"twitter_card":"summary_large_image","twitter_image":"https:\/\/weger-gmbh.it\/wp-content\/uploads\/2024\/08\/Weger-Craft-web-\u00a9freiundzeit-26-1024x683.jpg","twitter_misc":{"Tempo di lettura stimato":"1 minuto"},"schema":{"@context":"https:\/\/schema.org","@graph":[{"@type":"WebPage","@id":"https:\/\/weger-gmbh.it\/it\/servizi\/tecnologia-degli-edifici\/","url":"https:\/\/weger-gmbh.it\/it\/servizi\/tecnologia-degli-edifici\/","name":"Il vostro partner per la tecnologia edilizia in Alto Adige","isPartOf":{"@id":"https:\/\/weger-gmbh.it\/it\/#website"},"primaryImageOfPage":{"@id":"https:\/\/weger-gmbh.it\/it\/servizi\/tecnologia-degli-edifici\/#primaryimage"},"image":{"@id":"https:\/\/weger-gmbh.it\/it\/servizi\/tecnologia-degli-edifici\/#primaryimage"},"thumbnailUrl":"https:\/\/weger-gmbh.it\/wp-content\/uploads\/2024\/08\/Weger-Craft-web-\u00a9freiundzeit-26.jpg","datePublished":"2024-02-20T16:12:43+00:00","dateModified":"2024-09-10T11:10:19+00:00","description":"I servizi tecnologici dell'edificio comprendono impianti sanitari, utilizzo dell'acqua piovana, sistemi di aspirazione e tecnologia di ventilazione e condizionamento.","breadcrumb":{"@id":"https:\/\/weger-gmbh.it\/it\/servizi\/tecnologia-degli-edifici\/#breadcrumb"},"inLanguage":"it-IT","potentialAction":[{"@type":"ReadAction","target":["https:\/\/weger-gmbh.it\/it\/servizi\/tecnologia-degli-edifici\/"]}]},{"@type":"ImageObject","inLanguage":"it-IT","@id":"https:\/\/weger-gmbh.it\/it\/servizi\/tecnologia-degli-edifici\/#primaryimage","url":"https:\/\/weger-gmbh.it\/wp-content\/uploads\/2024\/08\/Weger-Craft-web-\u00a9freiundzeit-26.jpg","contentUrl":"https:\/\/weger-gmbh.it\/wp-content\/uploads\/2024\/08\/Weger-Craft-web-\u00a9freiundzeit-26.jpg","width":2048,"height":1366},{"@type":"BreadcrumbList","@id":"https:\/\/weger-gmbh.it\/it\/servizi\/tecnologia-degli-edifici\/#breadcrumb","itemListElement":[{"@type":"ListItem","position":1,"name":"Home","item":"https:\/\/weger-gmbh.it\/it\/"},{"@type":"ListItem","position":2,"name":"Servizi","item":"https:\/\/weger-gmbh.it\/it\/leistungen-heizanlagen-lueftungssysteme-energiekonzepte-sanitaeranlagen-suedtirol\/"},{"@type":"ListItem","position":3,"name":"Tecnologia degli edifici"}]},{"@type":"WebSite","@id":"https:\/\/weger-gmbh.it\/it\/#website","url":"https:\/\/weger-gmbh.it\/it\/","name":"Weger GmbH","description":"Heizung, Klima, L\u00fcftung und Sanit\u00e4r","publisher":{"@id":"https:\/\/weger-gmbh.it\/it\/#organization"},"potentialAction":[{"@type":"SearchAction","target":{"@type":"EntryPoint","urlTemplate":"https:\/\/weger-gmbh.it\/it\/?s={search_term_string}"},"query-input":{"@type":"PropertyValueSpecification","valueRequired":true,"valueName":"search_term_string"}}],"inLanguage":"it-IT"},{"@type":"Organization","@id":"https:\/\/weger-gmbh.it\/it\/#organization","name":"Weger GmbH","url":"https:\/\/weger-gmbh.it\/it\/","logo":{"@type":"ImageObject","inLanguage":"it-IT","@id":"https:\/\/weger-gmbh.it\/it\/#\/schema\/logo\/image\/","url":"https:\/\/weger-gmbh.it\/wp-content\/uploads\/2024\/02\/weger-logo-white-e1708448128201.png","contentUrl":"https:\/\/weger-gmbh.it\/wp-content\/uploads\/2024\/02\/weger-logo-white-e1708448128201.png","width":1024,"height":285,"caption":"Weger GmbH"},"image":{"@id":"https:\/\/weger-gmbh.it\/it\/#\/schema\/logo\/image\/"}}]}},"_links":{"self":[{"href":"https:\/\/weger-gmbh.it\/it\/wp-json\/wp\/v2\/pages\/960","targetHints":{"allow":["GET"]}}],"collection":[{"href":"https:\/\/weger-gmbh.it\/it\/wp-json\/wp\/v2\/pages"}],"about":[{"href":"https:\/\/weger-gmbh.it\/it\/wp-json\/wp\/v2\/types\/page"}],"author":[{"embeddable":true,"href":"https:\/\/weger-gmbh.it\/it\/wp-json\/wp\/v2\/users\/1"}],"replies":[{"embeddable":true,"href":"https:\/\/weger-gmbh.it\/it\/wp-json\/wp\/v2\/comments?post=960"}],"version-history":[{"count":0,"href":"https:\/\/weger-gmbh.it\/it\/wp-json\/wp\/v2\/pages\/960\/revisions"}],"up":[{"embeddable":true,"href":"https:\/\/weger-gmbh.it\/it\/wp-json\/wp\/v2\/pages\/956"}],"wp:featuredmedia":[{"embeddable":true,"href":"https:\/\/weger-gmbh.it\/it\/wp-json\/wp\/v2\/media\/896"}],"wp:attachment":[{"href":"https:\/\/weger-gmbh.it\/it\/wp-json\/wp\/v2\/media?parent=960"}],"wp:term":[{"taxonomy":"seitenkategorie","embeddable":true,"href":"https:\/\/weger-gmbh.it\/it\/wp-json\/wp\/v2\/seitenkategorie?post=960"}],"curies":[{"name":"wp","href":"https:\/\/api.w.org\/{rel}","templated":true}]}}